{"id":98,"date":"2013-03-28T00:56:55","date_gmt":"2013-03-27T22:56:55","guid":{"rendered":"http:\/\/kaempfer.headroom.at\/?page_id=98"},"modified":"2013-03-30T19:20:54","modified_gmt":"2013-03-30T17:20:54","slug":"unser-zeichen","status":"publish","type":"page","link":"https:\/\/www.freiheitskaempfer.at\/?page_id=98","title":{"rendered":"Unser Zeichen"},"content":{"rendered":"<p>Das Zeichen der Sozialdemokratischen Freiheitsk\u00e4mpfer setzt sich aus vier Elementen zusammen: Dem\u00a0Winkel, den\u00a0Jahreszahlen, den\u00a0&#8222;Drei Pfeilen&#8220;\u00a0und dem\u00a0Kreis.<\/p>\n<h2>Der Winkel<\/h2>\n<p>In den nationalsozialistischen Konzentrationslagern gab es verschiedene H\u00e4ftlingskategorien. Die Farbe eines Dreiecks, des &#8222;Winkels&#8220; auf der H\u00e4ftlingskleidung, bezeichnete die Eingruppierung des H\u00e4ftlings. Der rote Winkel kennzeichnete politische H\u00e4ftlinge gegen die &#8222;Schutzhaft&#8220; angeordnet worden war.<\/p>\n<h2>Die Jahreszahlen<\/h2>\n<p>Die Jahreszahlen 1934 &#8211; 1945 im Abzeichen unseres Bundes bedeuten einerseits den Kampf von M\u00e4nnern und Frauen der Sozialdemokratischen Arbeiterpartei in den Februartagen 1934 gegen die Regierung Dollfuss zur Rettung der Demokartie in \u00d6sterreich, dokumentiern den im Untergrund gef\u00fchrten Widerstand der\u00a0Revolution\u00e4ren Sozialisten\u00a0gegen den Austrofaschismus nach der brutalen Zerschlagung und dem Verbot unserer Partei bis zum sogenannten &#8222;Anschlu\u00df&#8220; (Einmarsch des Nationalsozialistischen Deutschland in \u00d6sterreich) im M\u00e4rz 1938 und erinnern selbstverst\u00e4ndlich auch an Verfolgung und Widerstand unter der nationalsozialistischen Gewaltherrschaft w\u00e4hrend der Jahre 1938 bis 1945.<\/p>\n<h2>Die drei Pfeile und der Kreis<\/h2>\n<p>Von Herbert Exenberger erschien in der Zeitschrift &#8222;Der Sozialdemokratische K\u00e4mpfer&#8220;\u00a0<b>Nr. 3\/4 1993<\/b>\u00a0S.6-7 unter dem Titel\u00a0<b>&#8222;ZEICHEN, Symbole der Partei&#8220;, &#8222;Drei Pfeile&#8220;<\/b>, folgender Beitrag:<\/p>\n<p>&#8222;Mit dem immer brutaler auftretenden Nazifaschismus in Deutschland, der sich vor allem instinktiver Propagandamittel bedient, mussten sich die Sozialdemokraten auseinandersetzen. \u00dcberall, von allen Hausmauern, prangte das verhasste Symbol der Faschisten. Neue Wege der politischen Agitation, die stark verkn\u00fcpft mit einer bewussten Abwehrreaktion sein sollte, mussten gefunden werden. Der russische Sozialdemokrat und Psychologieprofessor Sergej Tschachotin, der seine Arbeit an der Berliner Universit\u00e4t fortsetzte, fand diesen wichtigen Weg. In einer Brosch\u00fcre &#8218;Grundlagen und Formen politischer Propaganda&#8216;, die er gemeinsam mit dem sozialdemokratischen Mitglied des Deutschen Reichstages, Carlo Mierendorff, der brutalsten Verfolgung der Nazifaschisten ausgesetzt war, verfasste, und die 1932 vom Bundesvorstand des Reichsbanners Schwarz-Rot-Gold verlegt wurde, schrieb Tschachotin \u00fcber die Propaganda unter anderem:\u2028&#8217;Die neue Propaganda ist nichts anderes als die Anwendung der Kenntnisse der modernen Massenpsychologie und der wissenschaftlichen Organisation der Arbeit auf den politischen Kampf der Arbeiterbewegung &#8230; Eine erfolgreiche Propaganda darf nicht auf Zufall beruhen und sich als Ziel die Beeinflussung nur dieses oder jenes Triebes setzen, sondern sie muss danach trachten, alle wesentlichen Triebe der menschlichen Seele in gewollte Schwingungen zu versetzen: nur die Totalit\u00e4t der Erfassung aller Triebe gew\u00e4hrleistet den Erfolg.&#8217;\u2028In einer Gemeinsitzung des Propagandaausschusses der deutschen Sozialdemokraten im Jahre 1932 referierte Tschachotin \u00fcber seine Ideen. Gegl\u00fcckte Versuche seiner Theorien in drei kleinen St\u00e4dten, die gerade im Wahlkampf standen, brachten den Durchbruch. Ein neues Kampfabzeichen war geboren: die &#8218;Drei Pfeile&#8216;. Bald flatterte das neue Kampfsymbol auf den Freiheitsfahnen der Eisernen Front, bald sah man die drei Pfeile das Hakenkreuz durchbohren. Eine Welle der Abwehrbereitschaft gegen den Faschismus brauste durch das Land. Selbstverst\u00e4ndlich haben die drei Pfeile, die den Kampf gegen Kapitalismus, Faschismus und Reaktion darstellen, rasch Eingang in andere sozialdemokratische Parteien gefunden. Bereits am 8. August 1932 schlug Otto Felix Kanitz in der Sitzung des Parteivorstandes der Sozialdemokratischen Partei \u00d6sterreichs vor, die drei Pfeile neben dem Parteiabzeichen als sozialistisches Kampfabzeichen zu tragen. Einige Tage sp\u00e4ter, am 14. August, wendete sich die &#8218;Arbeiter-Zeitung&#8216; an alle Genossinnen und Genossen, dieses neue Kampfabzeichen zu verwenden. Dichter der Arbeiterklasse nahmen sich bald der &#8218;Drei Pfeile&#8216; an.\u2028So widmete der \u00d6sterreichische Dichter, Offizier und \u00fcberzeugte Sozialist Karl Schneller sein Gedicht &#8218;Drei Pfeile&#8216; dem Parteitag 1932 der \u00d6sterreichischen Sozialdemokratie. Auch Diskussionen in der &#8218;Arbeiter-Zeitung&#8216; zeigten an, wie sehr man sich mit dem Kampfabzeichen besch\u00e4ftigte. Einem Genossen, der die Ansicht vertrat, die Drei Pfeile nach oben zu tragen, antworteten einige im Parteiorgan vom 2. J\u00e4nner 1933. So meinte zum Beispiel Eduard Lindner aus Krems, &#8218;dass unsere Drei Pfeile ein Kampfabzeichen gegen Kapitalismus, Faschismus und Reaktion sind und jeder klassenbewusste Arbeiter hoch \u00fcber dem b\u00fcrgerlichen Sumpf hinausragt. Nachdem wir das zum Ausdruck bringen wollen, richten wir die Pfeilspitzen nach unten, da unser Feind nur in den Niederungen der Menschheit zu suchen ist&#8216;. Selbst in der tiefsten Illegalit\u00e4t, unter den Verfolgungen des Faschismus zierten die Drei Pfeile immer wieder Flugschriften der\u00a0Revolution\u00e4ren Sozialisten\u00a0\u00d6sterreichs oder waren auf Hausmauern zu finden. Als endlich der Barbarei 1945 ein Ende gesetzt wurde, war es neuerlich das erprobte Kampfabzeichen, das voll stolz und Zukunftsglauben getragen wurde.\u2028&#8217;Wir sehen also&#8216;, schrieb die &#8218;Arbeiter-Zeitung&#8216; am 15. September 1945, dass auch die Drei Pfeile bereits eine reiche Tradition aufweisen. Heute sind sie das Kampfabzeichen unserer Sozialdemokratischen Partei, der industriellen, landwirtschaftlichen und geistigen Arbeiter die durch den roten Ring zur politischen Einheit der Partei zusammengeschlossen werden.&#8220;<\/p>\n<p><span style=\"font-family: Arial;\">\u00a0<\/span><\/p>\n<p><span style=\"font-family: 'Times New Roman';\"><span style=\"font-family: 'Times New Roman';\">Der\u00a0<a href=\"http:\/\/www.spoe.at\/\">sozialdemokratischen Partei \u00d6sterreichs<\/a><br \/>\nzur Er\u00f6ffnung des Parteitages (13. November 1932)<br \/>\ngewidmet vom Komponisten.<\/span><\/span><\/p>\n<p><span style=\"font-family: 'Times New Roman'; font-size: xx-small;\">Drei Pfeile.<\/span><br \/>\n<em>Gedicht von Karl Schneller.<\/em><br \/>\n<em>F\u00fcr M\u00e4nnerchor komponiert von Heinrich Schoof.<\/em><\/p>\n<p><em>Drei Pfeile. Was k\u00fcnden die drohenden Drei?<\/em><br \/>\n<em>Wir wollen es schaffen: Die Menschheit sei frei!<\/em><br \/>\n<em>So treffe des ersten gesammelte Kraft<\/em><br \/>\n<em>den Kapitalismus, der aussaugt und rafft;<\/em><br \/>\n<em>denn wird nicht der uralte Erzfeind gef\u00e4llt,<\/em><br \/>\n<em>bleibt uraltes Unrecht die Gei\u00dfel der Welt.<\/em><\/p>\n<p><em>Drei Pfeile. Was k\u00fcnden die drohenden Drei?<\/em><br \/>\n<em>So schlage des zweiten geballte Gewalt<\/em><br \/>\n<em>den Sch\u00e4dling Faszismus in jeder Gestalt,<\/em><br \/>\n<em>den G\u00f6tzen der \u00fcber die V\u00f6lker sich setzt,<\/em><br \/>\n<em>im Innern sie knechtet, nach au\u00dfen verhetzt.<\/em><\/p>\n<p><em>Drei Pfeile. Was k\u00fcnden die drohenden Drei?<\/em><br \/>\n<em>Wir wollen es schaffen: Die Menschheit sei frei!<\/em><br \/>\n<em>So jage des dritten vernichtende Wucht<\/em><br \/>\n<em>das finst\u00b4re Gespenst Reaktion in die Flucht;<\/em><br \/>\n<em>wo immer es auftaucht, ein Hemmnis dem Licht,<\/em><br \/>\n<em>dort halte der dritte der Pfeile Gericht.<\/em><\/p>\n<p><em><span style=\"font-family: 'Times New Roman';\">Kapitalismus, Faszismus, Reaktion;<br \/>\nschlaget die drei und die Menschheit ist frei!<\/span><\/em><\/p>\n","protected":false},"excerpt":{"rendered":"<p>Das Zeichen der Sozialdemokratischen Freiheitsk\u00e4mpfer setzt sich aus vier Elementen zusammen: Dem\u00a0Winkel, den\u00a0Jahreszahlen, den\u00a0&#8222;Drei Pfeilen&#8220;\u00a0und dem\u00a0Kreis. Der Winkel In den nationalsozialistischen Konzentrationslagern gab es verschiedene H\u00e4ftlingskategorien. Die Farbe eines Dreiecks, des &#8222;Winkels&#8220; auf der H\u00e4ftlingskleidung, bezeichnete die Eingruppierung des H\u00e4ftlings. Der rote Winkel kennzeichnete politische H\u00e4ftlinge gegen die &#8222;Schutzhaft&#8220; angeordnet worden war. Die Jahreszahlen Die [&hellip;]<\/p>\n","protected":false},"author":2,"featured_media":0,"parent":29,"menu_order":0,"comment_status":"closed","ping_status":"closed","template":"","meta":{"ngg_post_thumbnail":0,"footnotes":""},"class_list":["post-98","page","type-page","status-publish","hentry"],"_links":{"self":[{"href":"https:\/\/www.freiheitskaempfer.at\/index.php?rest_route=\/wp\/v2\/pages\/98","targetHints":{"allow":["GET"]}}],"collection":[{"href":"https:\/\/www.freiheitskaempfer.at\/index.php?rest_route=\/wp\/v2\/pages"}],"about":[{"href":"https:\/\/www.freiheitskaempfer.at\/index.php?rest_route=\/wp\/v2\/types\/page"}],"author":[{"embeddable":true,"href":"https:\/\/www.freiheitskaempfer.at\/index.php?rest_route=\/wp\/v2\/users\/2"}],"replies":[{"embeddable":true,"href":"https:\/\/www.freiheitskaempfer.at\/index.php?rest_route=%2Fwp%2Fv2%2Fcomments&post=98"}],"version-history":[{"count":20,"href":"https:\/\/www.freiheitskaempfer.at\/index.php?rest_route=\/wp\/v2\/pages\/98\/revisions"}],"predecessor-version":[{"id":104,"href":"https:\/\/www.freiheitskaempfer.at\/index.php?rest_route=\/wp\/v2\/pages\/98\/revisions\/104"}],"up":[{"embeddable":true,"href":"https:\/\/www.freiheitskaempfer.at\/index.php?rest_route=\/wp\/v2\/pages\/29"}],"wp:attachment":[{"href":"https:\/\/www.freiheitskaempfer.at\/index.php?rest_route=%2Fwp%2Fv2%2Fmedia&parent=98"}],"curies":[{"name":"wp","href":"https:\/\/api.w.org\/{rel}","templated":true}]}}