{"id":453,"date":"2013-04-14T17:47:32","date_gmt":"2013-04-14T15:47:32","guid":{"rendered":"http:\/\/kaempfer.headroom.at\/?page_id=453"},"modified":"2013-04-14T17:57:59","modified_gmt":"2013-04-14T15:57:59","slug":"infos-2","status":"publish","type":"page","link":"https:\/\/www.freiheitskaempfer.at\/?page_id=453","title":{"rendered":"Infos"},"content":{"rendered":"<h3>Auf diesen untergeordneten Seiten finden Sie die aktuellen Termine, unser Archiv mit Beitr\u00e4gen aus der Vergangenheit sowie eine Seite mit Links. Um auf die erw\u00e4hnten Seiten zu gelangen, fahren Sie mit der Maus (nicht klicken) in der Navigation \u00fcber den Begriff &#8222;Infos&#8220; und die weiteren Seiten werden eingeblendet. Klicken Sie nun auf die gew\u00fcnschte Seite.<\/h3>\n","protected":false},"excerpt":{"rendered":"<p>Auf diesen untergeordneten Seiten finden Sie die aktuellen Termine, unser Archiv mit Beitr\u00e4gen aus der Vergangenheit sowie eine Seite mit Links. Um auf die erw\u00e4hnten Seiten zu gelangen, fahren Sie mit der Maus (nicht klicken) in der Navigation \u00fcber den Begriff &#8222;Infos&#8220; und die weiteren Seiten werden eingeblendet. Klicken Sie nun auf die gew\u00fcnschte Seite.<\/p>\n","protected":false},"author":2,"featured_media":0,"parent":0,"menu_order":0,"comment_status":"open","ping_status":"open","template":"","meta":{"ngg_post_thumbnail":0,"footnotes":""},"class_list":["post-453","page","type-page","status-publish","hentry"],"_links":{"self":[{"href":"https:\/\/www.freiheitskaempfer.at\/index.php?rest_route=\/wp\/v2\/pages\/453","targetHints":{"allow":["GET"]}}],"collection":[{"href":"https:\/\/www.freiheitskaempfer.at\/index.php?rest_route=\/wp\/v2\/pages"}],"about":[{"href":"https:\/\/www.freiheitskaempfer.at\/index.php?rest_route=\/wp\/v2\/types\/page"}],"author":[{"embeddable":true,"href":"https:\/\/www.freiheitskaempfer.at\/index.php?rest_route=\/wp\/v2\/users\/2"}],"replies":[{"embeddable":true,"href":"https:\/\/www.freiheitskaempfer.at\/index.php?rest_route=%2Fwp%2Fv2%2Fcomments&post=453"}],"version-history":[{"count":6,"href":"https:\/\/www.freiheitskaempfer.at\/index.php?rest_route=\/wp\/v2\/pages\/453\/revisions"}],"predecessor-version":[{"id":460,"href":"https:\/\/www.freiheitskaempfer.at\/index.php?rest_route=\/wp\/v2\/pages\/453\/revisions\/460"}],"wp:attachment":[{"href":"https:\/\/www.freiheitskaempfer.at\/index.php?rest_route=%2Fwp%2Fv2%2Fmedia&parent=453"}],"curies":[{"name":"wp","href":"https:\/\/api.w.org\/{rel}","templated":true}]}}